{"id":5,"date":"2020-01-13T11:17:52","date_gmt":"2020-01-13T11:17:52","guid":{"rendered":"https:\/\/demosites.io\/web-agency-gb\/?page_id=5"},"modified":"2021-06-05T23:04:22","modified_gmt":"2021-06-05T21:04:22","slug":"15c42-web-agency-gb-home","status":"publish","type":"page","link":"https:\/\/plombierchauffageandservice.com\/","title":{"rendered":"Home"},"content":{"rendered":"\n<div class=\"wp-block-cover alignfull has-background-dim\" style=\"min-height:700px;aspect-ratio:unset;\"><img loading=\"lazy\" decoding=\"async\" width=\"1024\" height=\"768\" class=\"wp-block-cover__image-background wp-image-242\" alt=\"\" src=\"http:\/\/plombierchauffageandservice.com\/wp-content\/uploads\/2021\/02\/water.jpg\" data-object-fit=\"cover\" srcset=\"https:\/\/plombierchauffageandservice.com\/wp-content\/uploads\/2021\/02\/water.jpg 1024w, https:\/\/plombierchauffageandservice.com\/wp-content\/uploads\/2021\/02\/water-300x225.jpg 300w, https:\/\/plombierchauffageandservice.com\/wp-content\/uploads\/2021\/02\/water-768x576.jpg 768w\" sizes=\"auto, (max-width: 1024px) 100vw, 1024px\" \/><div class=\"wp-block-cover__inner-container is-layout-flow wp-block-cover-is-layout-flow\">\n<div style=\"height:80px\" aria-hidden=\"true\" class=\"wp-block-spacer\"><\/div>\n\n\n\n<h1 class=\"has-text-align-center has-nv-site-bg-color has-text-color wp-block-heading\"><strong>Votre artisan plombier <\/strong><\/h1>\n\n\n\n<p class=\"has-text-align-center has-nv-site-bg-color has-text-color\" style=\"font-size:17px\">Pour tout d\u00e9pannage et installation en plomberie et chauffage.<\/p>\n\n\n\n<div class=\"wp-block-buttons is-content-justification-center is-layout-flex wp-block-buttons-is-layout-flex\">\n<div class=\"wp-block-button is-style-primary\"><a class=\"wp-block-button__link\" href=\"https:\/\/www.plombierchauffageandservice.com\/index.php\/contacts\/\">CONTACTS<\/a><\/div>\n\n\n\n<div class=\"wp-block-button is-style-secondary\"><a class=\"wp-block-button__link has-neve-link-color-color has-nv-c-1-background-color has-text-color has-background\" href=\"#services\" rel=\"\">Services<\/a><\/div>\n<\/div>\n\n\n\n<div style=\"height:80px\" aria-hidden=\"true\" class=\"wp-block-spacer\"><\/div>\n\n\n\n<div style=\"height:80px\" aria-hidden=\"true\" class=\"wp-block-spacer\"><\/div>\n\n\n\n<p><\/p>\n<\/div><\/div>\n\n\n\n<div style=\"height:80px\" aria-hidden=\"true\" class=\"wp-block-spacer\"><\/div>\n\n\n\n<div class=\"wp-block-columns is-layout-flex wp-container-core-columns-is-layout-9d6595d7 wp-block-columns-is-layout-flex\">\n<div class=\"wp-block-column is-layout-flow wp-block-column-is-layout-flow\">\n<div class=\"wp-block-image icon-style is-style-rounded\"><figure class=\"aligncenter size-large is-resized\"><img loading=\"lazy\" decoding=\"async\" src=\"https:\/\/s33834.pcdn.co\/wp-content\/uploads\/2020\/12\/check-solid-1.svg\" alt=\"\" width=\"64\" height=\"64\"\/><\/figure><\/div>\n\n\n\n<h3 class=\"has-text-align-center has-neve-text-color-color has-text-color wp-block-heading\"><strong>Plomberie-chauffage<\/strong><\/h3>\n\n\n\n<p class=\"has-text-align-center\"><\/p>\n\n\n\n<div style=\"height:20px\" aria-hidden=\"true\" class=\"wp-block-spacer\"><\/div>\n<\/div>\n\n\n\n<div class=\"wp-block-column is-layout-flow wp-block-column-is-layout-flow\">\n<div class=\"wp-block-image icon-style is-style-rounded\"><figure class=\"aligncenter size-large is-resized\"><img loading=\"lazy\" decoding=\"async\" src=\"https:\/\/s33834.pcdn.co\/wp-content\/uploads\/2020\/12\/gem.svg\" alt=\"\" width=\"64\" height=\"64\"\/><\/figure><\/div>\n\n\n\n<h3 class=\"has-text-align-center has-neve-text-color-color has-text-color wp-block-heading\">Devis gratuit<\/h3>\n\n\n\n<p class=\"has-text-align-center\"><\/p>\n\n\n\n<div style=\"height:20px\" aria-hidden=\"true\" class=\"wp-block-spacer\"><\/div>\n<\/div>\n\n\n\n<div class=\"wp-block-column is-layout-flow wp-block-column-is-layout-flow\">\n<div class=\"wp-block-image icon-style is-style-rounded\"><figure class=\"aligncenter size-large is-resized\"><img loading=\"lazy\" decoding=\"async\" src=\"https:\/\/s33834.pcdn.co\/wp-content\/uploads\/2020\/12\/bolt.svg\" alt=\"\" width=\"64\" height=\"64\"\/><\/figure><\/div>\n\n\n\n<h3 class=\"has-text-align-center has-neve-text-color-color has-text-color wp-block-heading\">Intervention 24h\/24<\/h3>\n\n\n\n<p class=\"has-text-align-center\"><\/p>\n\n\n\n<div style=\"height:20px\" aria-hidden=\"true\" class=\"wp-block-spacer\"><\/div>\n<\/div>\n<\/div>\n\n\n\n<div style=\"height:80px\" aria-hidden=\"true\" class=\"wp-block-spacer\"><\/div>\n\n\n\n<div class=\"wp-block-cover alignfull has-nv-light-bg-background-color has-background-dim\" style=\"min-height:600px;aspect-ratio:unset;\"><div class=\"wp-block-cover__inner-container is-layout-flow wp-block-cover-is-layout-flow\">\n<div class=\"wp-block-group\"><div class=\"wp-block-group__inner-container is-layout-flow wp-block-group-is-layout-flow\">\n<div style=\"height:80px\" aria-hidden=\"true\" class=\"wp-block-spacer\"><\/div>\n\n\n\n<div class=\"wp-block-columns are-vertically-aligned-center is-layout-flex wp-container-core-columns-is-layout-9d6595d7 wp-block-columns-is-layout-flex\">\n<div class=\"wp-block-column is-vertically-aligned-center is-layout-flow wp-block-column-is-layout-flow\" style=\"flex-basis:50%\">\n<figure class=\"wp-block-image size-large is-resized\"><img loading=\"lazy\" decoding=\"async\" src=\"http:\/\/plombierchauffageandservice.com\/wp-content\/uploads\/2021\/02\/cropped-logo-1024x911.png\" alt=\"\" class=\"wp-image-244\" width=\"523\" height=\"466\" srcset=\"https:\/\/plombierchauffageandservice.com\/wp-content\/uploads\/2021\/02\/cropped-logo-1024x911.png 1024w, https:\/\/plombierchauffageandservice.com\/wp-content\/uploads\/2021\/02\/cropped-logo-300x267.png 300w, https:\/\/plombierchauffageandservice.com\/wp-content\/uploads\/2021\/02\/cropped-logo-768x683.png 768w, https:\/\/plombierchauffageandservice.com\/wp-content\/uploads\/2021\/02\/cropped-logo.png 1332w\" sizes=\"auto, (max-width: 523px) 100vw, 523px\" \/><\/figure>\n<\/div>\n\n\n\n<div class=\"wp-block-column is-vertically-aligned-center is-layout-flow wp-block-column-is-layout-flow\" style=\"flex-basis:50%\">\n<div style=\"height:20px\" aria-hidden=\"true\" class=\"wp-block-spacer\"><\/div>\n\n\n\n<h2 class=\"has-text-align-left has-neve-text-color-color has-text-color wp-block-heading\">AND service<\/h2>\n\n\n\n<p class=\"has-neve-link-color-color has-text-color\">Tuyaux percer ?<br>Probl\u00e8me de chaudi\u00e8re?<br>Probl\u00e8me salle de bain, WC, Lavabo, mitigeur ou douche.<br>Entreprise AND d\u00e9pannage \u00e0 votre service.<\/p>\n\n\n\n<div class=\"wp-block-buttons is-content-justification-left is-layout-flex wp-block-buttons-is-layout-flex\"><\/div>\n\n\n\n<p><\/p>\n<\/div>\n<\/div>\n\n\n\n<div style=\"height:40px\" aria-hidden=\"true\" class=\"wp-block-spacer\"><\/div>\n<\/div><\/div>\n<\/div><\/div>\n\n\n\n<h2 class=\"has-text-align-center wp-block-heading\" id=\"services\">Nos services<\/h2>\n\n\n\n<div class=\"wp-block-cover alignfull has-nv-site-bg-background-color has-background-dim\" style=\"min-height:600px;aspect-ratio:unset;\"><div class=\"wp-block-cover__inner-container is-layout-flow wp-block-cover-is-layout-flow\">\n<div class=\"wp-block-group\"><div class=\"wp-block-group__inner-container is-layout-flow wp-block-group-is-layout-flow\">\n<div class=\"wp-block-columns are-vertically-aligned-center is-layout-flex wp-container-core-columns-is-layout-9d6595d7 wp-block-columns-is-layout-flex\">\n<div class=\"wp-block-column is-vertically-aligned-center is-layout-flow wp-block-column-is-layout-flow\" style=\"flex-basis:50%\">\n<div class=\"wp-block-image\"><figure class=\"aligncenter size-large is-resized\"><img loading=\"lazy\" decoding=\"async\" src=\"https:\/\/plombierchauffageandservice.com\/wp-content\/uploads\/2021\/06\/logo2-edited.png\" alt=\"\" class=\"wp-image-317\" width=\"120\" height=\"107\"\/><\/figure><\/div>\n\n\n\n<h3 class=\"has-text-align-center has-neve-text-color-color has-text-color wp-block-heading\">Installations sanitaires<\/h3>\n\n\n\n<ol class=\"has-neve-link-color-color has-text-color wp-block-list\"><li>Salles de bains compl\u00e8tes<\/li><li>Robinetterie<\/li><li>Wc<\/li><li>\u00c9vier de cuisine<\/li><li>R\u00e9seau sanitaire<\/li><\/ol>\n\n\n\n<p><\/p>\n<\/div>\n\n\n\n<div class=\"wp-block-column is-vertically-aligned-center is-layout-flow wp-block-column-is-layout-flow\" style=\"flex-basis:50%\">\n<div class=\"wp-block-image\"><figure class=\"aligncenter size-large is-resized\"><img loading=\"lazy\" decoding=\"async\" src=\"https:\/\/plombierchauffageandservice.com\/wp-content\/uploads\/2021\/06\/logo3-edited.png\" alt=\"\" class=\"wp-image-318\" width=\"121\" height=\"113\"\/><\/figure><\/div>\n\n\n\n<h3 class=\"has-text-align-center has-neve-link-color-color has-text-color wp-block-heading\">Installation chauffage<\/h3>\n\n\n\n<ol class=\"has-neve-link-color-color has-text-color wp-block-list\"><li>Chaudi\u00e8re<\/li><li>Chauffe-eau<\/li><li>R\u00e9seau chauffage<br><br><\/li><\/ol>\n\n\n\n<p><\/p>\n<\/div>\n<\/div>\n<\/div><\/div>\n\n\n\n<div class=\"wp-block-columns is-layout-flex wp-container-core-columns-is-layout-9d6595d7 wp-block-columns-is-layout-flex\">\n<div class=\"wp-block-column is-layout-flow wp-block-column-is-layout-flow\">\n<div class=\"wp-block-image\"><figure class=\"aligncenter size-large is-resized\"><img loading=\"lazy\" decoding=\"async\" src=\"https:\/\/plombierchauffageandservice.com\/wp-content\/uploads\/2021\/06\/logo4-edited-1.png\" alt=\"\" class=\"wp-image-320\" width=\"121\" height=\"122\" srcset=\"https:\/\/plombierchauffageandservice.com\/wp-content\/uploads\/2021\/06\/logo4-edited-1.png 155w, https:\/\/plombierchauffageandservice.com\/wp-content\/uploads\/2021\/06\/logo4-edited-1-150x150.png 150w\" sizes=\"auto, (max-width: 121px) 100vw, 121px\" \/><\/figure><\/div>\n\n\n\n<h3 class=\"has-text-align-center wp-block-heading\">D\u00e9pannage sanitaire<\/h3>\n\n\n\n<ol class=\"has-neve-link-color-color has-text-color wp-block-list\"><li>Fuite d\u2019eau<\/li><li>D\u00e9bouchage de canalisations<\/li><li>R\u00e9seaux d\u2019\u00e9vacuation<\/li><\/ol>\n<\/div>\n\n\n\n<div class=\"wp-block-column is-layout-flow wp-block-column-is-layout-flow\">\n<div class=\"wp-block-image\"><figure class=\"aligncenter size-large is-resized\"><img loading=\"lazy\" decoding=\"async\" src=\"https:\/\/plombierchauffageandservice.com\/wp-content\/uploads\/2021\/06\/logo1-edited.png\" alt=\"\" class=\"wp-image-321\" width=\"121\" height=\"127\"\/><\/figure><\/div>\n\n\n\n<h3 class=\"has-text-align-center has-neve-link-color-color has-text-color wp-block-heading\">D\u00e9pannage chauffage<\/h3>\n\n\n\n<ol class=\"has-neve-link-color-color has-text-color wp-block-list\"><li>Panne radiateur<\/li><li>Panne chaudi\u00e8re<\/li><li>D\u00e9sembuage<\/li><\/ol>\n<\/div>\n<\/div>\n<\/div><\/div>\n\n\n\n<div class=\"wp-block-cover alignfull has-nv-dark-bg-background-color has-background-dim\" style=\"min-height:600px;aspect-ratio:unset;\"><div class=\"wp-block-cover__inner-container is-layout-flow wp-block-cover-is-layout-flow\">\n<div class=\"wp-block-group\"><div class=\"wp-block-group__inner-container is-layout-flow wp-block-group-is-layout-flow\">\n<div style=\"height:80px\" aria-hidden=\"true\" class=\"wp-block-spacer\"><\/div>\n\n\n\n<div class=\"wp-block-columns are-vertically-aligned-center is-layout-flex wp-container-core-columns-is-layout-9d6595d7 wp-block-columns-is-layout-flex\">\n<div class=\"wp-block-column is-vertically-aligned-center is-layout-flow wp-block-column-is-layout-flow\" style=\"flex-basis:50%\">\n<figure class=\"wp-block-image size-large is-resized\"><img loading=\"lazy\" decoding=\"async\" src=\"http:\/\/plombierchauffageandservice.com\/wp-content\/uploads\/2021\/06\/map-1024x1024.png\" alt=\"\" class=\"wp-image-295\" width=\"464\" height=\"464\" srcset=\"https:\/\/plombierchauffageandservice.com\/wp-content\/uploads\/2021\/06\/map-1024x1024.png 1024w, https:\/\/plombierchauffageandservice.com\/wp-content\/uploads\/2021\/06\/map-300x300.png 300w, https:\/\/plombierchauffageandservice.com\/wp-content\/uploads\/2021\/06\/map-150x150.png 150w, https:\/\/plombierchauffageandservice.com\/wp-content\/uploads\/2021\/06\/map-768x768.png 768w, https:\/\/plombierchauffageandservice.com\/wp-content\/uploads\/2021\/06\/map.png 1200w\" sizes=\"auto, (max-width: 464px) 100vw, 464px\" \/><\/figure>\n<\/div>\n\n\n\n<div class=\"wp-block-column is-vertically-aligned-center is-layout-flow wp-block-column-is-layout-flow\" style=\"flex-basis:50%\">\n<div style=\"height:40px\" aria-hidden=\"true\" class=\"wp-block-spacer\"><\/div>\n\n\n\n<h2 class=\"has-text-align-left has-nv-text-dark-bg-color has-text-color wp-block-heading\">Zones d&#8217;intervention :<\/h2>\n\n\n\n<p class=\"has-nv-site-bg-color has-text-color\">21200 Beaune, France<br>39100 Dole, France<br>21000 Dijon, France<br>C\u00f4te-d&#8217;Or, France<br>Toison-d&#8217;Or, 21000 Dijon, France<br>Fontaine d&#8217;Ouche, 21000 Dijon, France<br>21300 Chen\u00f4ve, France<br>21600 Longvic, France<br>21121 Fontaine-l\u00e8s-Dijon, France<br>21160 Marsannay-la-C\u00f4te, France<br>Bourroches, 21000 Dijon, France<br>21240 Talant, France<\/p>\n\n\n\n<div class=\"wp-block-buttons is-content-justification-left is-layout-flex wp-block-buttons-is-layout-flex\"><\/div>\n<\/div>\n<\/div>\n\n\n\n<div style=\"height:40px\" aria-hidden=\"true\" class=\"wp-block-spacer\"><\/div>\n<\/div><\/div>\n<\/div><\/div>\n","protected":false},"excerpt":{"rendered":"<p>Plomberie-chauffage Devis gratuit Intervention 24h\/24 Nos services<\/p>\n","protected":false},"author":1,"featured_media":0,"parent":0,"menu_order":0,"comment_status":"closed","ping_status":"closed","template":"","meta":{"neve_meta_sidebar":"default","neve_meta_container":"default","neve_meta_enable_content_width":"on","neve_meta_content_width":100,"neve_meta_title_alignment":"","neve_meta_author_avatar":"","neve_post_elements_order":"","neve_meta_disable_header":"","neve_meta_disable_footer":"","neve_meta_disable_title":"on","footnotes":""},"class_list":["post-5","page","type-page","status-publish","hentry"],"_links":{"self":[{"href":"https:\/\/plombierchauffageandservice.com\/index.php\/wp-json\/wp\/v2\/pages\/5","targetHints":{"allow":["GET"]}}],"collection":[{"href":"https:\/\/plombierchauffageandservice.com\/index.php\/wp-json\/wp\/v2\/pages"}],"about":[{"href":"https:\/\/plombierchauffageandservice.com\/index.php\/wp-json\/wp\/v2\/types\/page"}],"author":[{"embeddable":true,"href":"https:\/\/plombierchauffageandservice.com\/index.php\/wp-json\/wp\/v2\/users\/1"}],"replies":[{"embeddable":true,"href":"https:\/\/plombierchauffageandservice.com\/index.php\/wp-json\/wp\/v2\/comments?post=5"}],"version-history":[{"count":43,"href":"https:\/\/plombierchauffageandservice.com\/index.php\/wp-json\/wp\/v2\/pages\/5\/revisions"}],"predecessor-version":[{"id":335,"href":"https:\/\/plombierchauffageandservice.com\/index.php\/wp-json\/wp\/v2\/pages\/5\/revisions\/335"}],"wp:attachment":[{"href":"https:\/\/plombierchauffageandservice.com\/index.php\/wp-json\/wp\/v2\/media?parent=5"}],"curies":[{"name":"wp","href":"https:\/\/api.w.org\/{rel}","templated":true}]}}